{"id":31,"date":"2026-01-04T10:48:38","date_gmt":"2026-01-04T13:48:38","guid":{"rendered":"http:\/\/srv619730.hstgr.cloud:7000\/?page_id=31"},"modified":"2026-03-25T14:19:36","modified_gmt":"2026-03-25T17:19:36","slug":"diretoria","status":"publish","type":"page","link":"https:\/\/apprapel.org.br\/?page_id=31","title":{"rendered":"Diretoria"},"content":{"rendered":"\n<p><strong>Gleidson Rodrigues<\/strong><br><em>Presidente<\/em><br>Membro fundador da APPR, possui 33 anos de experi\u00eancia em atividades verticais e esportes de aventura. Certificado em NR35 e socorrista pela Cruz Vermelha, \u00e9 fundador da VerticalNegativoSP, l\u00edder de Desbravadores e montanhista. Realizou a travessia Transmantiqueira em 2016, experi\u00eancia que resultou na escrita do livro \u201cTransmantiqueira \u2013 30 dias entre o c\u00e9u e a terra\u201d.<\/p>\n\n\n\n<figure class=\"wp-block-image size-full is-resized\"><img loading=\"lazy\" decoding=\"async\" width=\"1024\" height=\"1024\" src=\"http:\/\/apprapel.org.br\/wp-content\/uploads\/2026\/03\/WhatsApp-Image-2026-03-24-at-17.30.46.jpeg\" alt=\"\" class=\"wp-image-95\" style=\"width:264px;height:auto\" srcset=\"https:\/\/apprapel.org.br\/wp-content\/uploads\/2026\/03\/WhatsApp-Image-2026-03-24-at-17.30.46.jpeg 1024w, https:\/\/apprapel.org.br\/wp-content\/uploads\/2026\/03\/WhatsApp-Image-2026-03-24-at-17.30.46-300x300.jpeg 300w, https:\/\/apprapel.org.br\/wp-content\/uploads\/2026\/03\/WhatsApp-Image-2026-03-24-at-17.30.46-150x150.jpeg 150w, https:\/\/apprapel.org.br\/wp-content\/uploads\/2026\/03\/WhatsApp-Image-2026-03-24-at-17.30.46-768x768.jpeg 768w\" sizes=\"auto, (max-width: 1024px) 100vw, 1024px\" \/><\/figure>\n\n\n\n<div class=\"wp-block-group is-vertical is-layout-flex wp-container-core-group-is-layout-8cf370e7 wp-block-group-is-layout-flex\">\n<p><strong>Cleo Ramires<\/strong><br><em>Vice-Presidente<\/em><\/p>\n\n\n\n<p>Instrutora de rapel com 6 anos de experi\u00eancia e 8 anos de pr\u00e1tica, com atua\u00e7\u00e3o pela VerticalNegativoSP. T\u00e9cnica em Seguran\u00e7a do Trabalho e estudante de Guia de Turismo, dedica-se \u00e0 condu\u00e7\u00e3o de atividades seguras, organizadas e de qualidade.<\/p>\n<\/div>\n\n\n\n<figure class=\"wp-block-image size-full is-resized\"><img loading=\"lazy\" decoding=\"async\" width=\"617\" height=\"814\" src=\"https:\/\/apprapel.org.br\/wp-content\/uploads\/2026\/03\/CLEO-2-Visualizador-de-Fotos-do-Windows.jpg\" alt=\"\" class=\"wp-image-145\" style=\"width:263px;height:auto\" srcset=\"https:\/\/apprapel.org.br\/wp-content\/uploads\/2026\/03\/CLEO-2-Visualizador-de-Fotos-do-Windows.jpg 617w, https:\/\/apprapel.org.br\/wp-content\/uploads\/2026\/03\/CLEO-2-Visualizador-de-Fotos-do-Windows-227x300.jpg 227w\" sizes=\"auto, (max-width: 617px) 100vw, 617px\" \/><\/figure>\n\n\n\n<p>Ideane Rodrigues<br>Secretaria \/ Gestora Ambiental<br>Graduada em Gest\u00e3o Ambiental e p\u00f3s-graduada em Psicopedagogia, \u00e9 membro fundadora da APPR. Atua com base na \u00e9tica e na justi\u00e7a, princ\u00edpios que norteiam suas decis\u00f5es e contribui\u00e7\u00f5es para a associa\u00e7\u00e3o.<\/p>\n\n\n\n<figure class=\"wp-block-image size-full is-resized\"><img loading=\"lazy\" decoding=\"async\" width=\"667\" height=\"839\" src=\"https:\/\/apprapel.org.br\/wp-content\/uploads\/2026\/03\/WhatsApp-Image-2026-03-24-at-17.30.46-1.jpeg\" alt=\"\" class=\"wp-image-96\" style=\"width:281px;height:auto\" srcset=\"https:\/\/apprapel.org.br\/wp-content\/uploads\/2026\/03\/WhatsApp-Image-2026-03-24-at-17.30.46-1.jpeg 667w, https:\/\/apprapel.org.br\/wp-content\/uploads\/2026\/03\/WhatsApp-Image-2026-03-24-at-17.30.46-1-238x300.jpeg 238w\" sizes=\"auto, (max-width: 667px) 100vw, 667px\" \/><\/figure>\n\n\n\n<p>Everlandio Rodrigues<br>Conselheiro de Projetos<br>Ex-militar, enfermeiro e biom\u00e9dico formado pela FMU, com experi\u00eancia em urg\u00eancia e emerg\u00eancia e sobreviv\u00eancia em ambientes extremos. Integra a APPR desde 2024, contribuindo no desenvolvimento e acompanhamento de projetos com foco em seguran\u00e7a, t\u00e9cnica e efici\u00eancia.<\/p>\n\n\n\n<figure class=\"wp-block-image size-large is-resized\"><img loading=\"lazy\" decoding=\"async\" width=\"703\" height=\"1024\" src=\"https:\/\/apprapel.org.br\/wp-content\/uploads\/2026\/03\/WhatsApp-Image-2026-03-24-at-17.30.40-1-703x1024.jpeg\" alt=\"\" class=\"wp-image-97\" style=\"aspect-ratio:0.6865242792835935;width:286px;height:auto\" srcset=\"https:\/\/apprapel.org.br\/wp-content\/uploads\/2026\/03\/WhatsApp-Image-2026-03-24-at-17.30.40-1-703x1024.jpeg 703w, https:\/\/apprapel.org.br\/wp-content\/uploads\/2026\/03\/WhatsApp-Image-2026-03-24-at-17.30.40-1-206x300.jpeg 206w, https:\/\/apprapel.org.br\/wp-content\/uploads\/2026\/03\/WhatsApp-Image-2026-03-24-at-17.30.40-1.jpeg 720w\" sizes=\"auto, (max-width: 703px) 100vw, 703px\" \/><\/figure>\n\n\n\n<p>Michael<br>Conselheiro de Projetos<br>Atua no rapel desde 2012, com forma\u00e7\u00e3o em treinamentos pelo Corpo de Bombeiros (civil e militar), alpinista industrial N1 e curso de resgate n\u00edvel l\u00edder. Em forma\u00e7\u00e3o em Engenharia Civil, integra a APPR desde 2018 e \u00e9 membro ativo e apoiador do Rapel Seguro desde 2024.<\/p>\n\n\n\n<figure class=\"wp-block-image size-large is-resized\"><img loading=\"lazy\" decoding=\"async\" width=\"772\" height=\"1024\" src=\"https:\/\/apprapel.org.br\/wp-content\/uploads\/2026\/03\/WhatsApp-Image-2026-03-24-at-17.30.40-772x1024.jpeg\" alt=\"\" class=\"wp-image-98\" style=\"aspect-ratio:0.7539304970323049;width:297px;height:auto\" srcset=\"https:\/\/apprapel.org.br\/wp-content\/uploads\/2026\/03\/WhatsApp-Image-2026-03-24-at-17.30.40-772x1024.jpeg 772w, https:\/\/apprapel.org.br\/wp-content\/uploads\/2026\/03\/WhatsApp-Image-2026-03-24-at-17.30.40-226x300.jpeg 226w, https:\/\/apprapel.org.br\/wp-content\/uploads\/2026\/03\/WhatsApp-Image-2026-03-24-at-17.30.40-768x1018.jpeg 768w, https:\/\/apprapel.org.br\/wp-content\/uploads\/2026\/03\/WhatsApp-Image-2026-03-24-at-17.30.40.jpeg 970w\" sizes=\"auto, (max-width: 772px) 100vw, 772px\" \/><\/figure>\n\n\n\n<p><\/p>\n","protected":false},"excerpt":{"rendered":"<p>Gleidson RodriguesPresidenteMembro fundador da APPR, possui 33 anos de experi\u00eancia em atividades verticais e esportes de aventura. Certificado em NR35 e socorrista pela Cruz Vermelha, \u00e9 fundador da VerticalNegativoSP, l\u00edder de Desbravadores e montanhista. Realizou a travessia Transmantiqueira em 2016, experi\u00eancia que resultou na escrita do livro \u201cTransmantiqueira \u2013 30 dias entre o c\u00e9u e [&hellip;]<\/p>\n","protected":false},"author":1,"featured_media":0,"parent":0,"menu_order":0,"comment_status":"closed","ping_status":"closed","template":"","meta":{"footnotes":""},"class_list":["post-31","page","type-page","status-publish","hentry"],"_links":{"self":[{"href":"https:\/\/apprapel.org.br\/index.php?rest_route=\/wp\/v2\/pages\/31","targetHints":{"allow":["GET"]}}],"collection":[{"href":"https:\/\/apprapel.org.br\/index.php?rest_route=\/wp\/v2\/pages"}],"about":[{"href":"https:\/\/apprapel.org.br\/index.php?rest_route=\/wp\/v2\/types\/page"}],"author":[{"embeddable":true,"href":"https:\/\/apprapel.org.br\/index.php?rest_route=\/wp\/v2\/users\/1"}],"replies":[{"embeddable":true,"href":"https:\/\/apprapel.org.br\/index.php?rest_route=%2Fwp%2Fv2%2Fcomments&post=31"}],"version-history":[{"count":4,"href":"https:\/\/apprapel.org.br\/index.php?rest_route=\/wp\/v2\/pages\/31\/revisions"}],"predecessor-version":[{"id":148,"href":"https:\/\/apprapel.org.br\/index.php?rest_route=\/wp\/v2\/pages\/31\/revisions\/148"}],"wp:attachment":[{"href":"https:\/\/apprapel.org.br\/index.php?rest_route=%2Fwp%2Fv2%2Fmedia&parent=31"}],"curies":[{"name":"wp","href":"https:\/\/api.w.org\/{rel}","templated":true}]}}